{"id":804,"date":"2024-12-02T11:56:24","date_gmt":"2024-12-02T10:56:24","guid":{"rendered":"https:\/\/templates.la-quincaillerie.fr\/vitrine\/?page_id=804"},"modified":"2024-12-02T12:41:04","modified_gmt":"2024-12-02T11:41:04","slug":"politique-de-cookies","status":"publish","type":"page","link":"https:\/\/templates.la-quincaillerie.fr\/vitrine\/politique-de-cookies","title":{"rendered":"Politique de cookies"},"content":{"rendered":"\t\t<div data-elementor-type=\"wp-page\" data-elementor-id=\"804\" class=\"elementor elementor-804\" data-elementor-post-type=\"page\">\n\t\t\t\t<div class=\"elementor-element elementor-element-3222a03 e-flex e-con-boxed e-con e-parent\" data-id=\"3222a03\" data-element_type=\"container\" data-e-type=\"container\">\n\t\t\t\t\t<div class=\"e-con-inner\">\n\t\t\t\t<div class=\"elementor-element elementor-element-518c3f5 elementor-widget elementor-widget-text-editor\" data-id=\"518c3f5\" data-element_type=\"widget\" data-e-type=\"widget\" data-widget_type=\"text-editor.default\">\n\t\t\t\t<div class=\"elementor-widget-container\">\n\t\t\t\t\t\t\t\t\t<p>D\u00e9finitions :<\/p><ul><li>L\u2019\u00c9diteur du site<b> <\/b>, dont le num\u00e9ro SIREN est <b><\/b>, et le si\u00e8ge social est situ\u00e9 <b>Rue du Faisant<\/b>.<\/li><li>L\u2019URL du site est <strong><a class=\"website_url\" href=\"https:\/\/templates.la-quincaillerie.fr\/vitrine\">https:\/\/templates.la-quincaillerie.fr\/vitrine<\/a><\/strong><\/li><li>Le Site : L\u2019ensemble des sites, pages Internet et services en ligne propos\u00e9s par l\u2019\u00c9diteur.<\/li><li>L\u2019Utilisateur : La personne utilisant le Site et les services.<\/li><\/ul><h2 class=\"wp-block-heading\"><strong><br \/>Utilisation des cookies<\/strong><\/h2><p>L\u2019utilisateur est inform\u00e9 que le site peut utiliser des cookies, traceurs et\/ou t\u00e9moins de connexion.<\/p><p>Ces derniers sont susceptibles d\u2019\u00eatre install\u00e9s dans votre terminal sous r\u00e9serve des choix et options que vous avez exprim\u00e9s ou pouvez exprimer \u00e0 tout moment conform\u00e9ment \u00e0 la pr\u00e9sente politique d\u2019utilisation et de gestion des cookies.<\/p><h2 class=\"wp-block-heading\"><strong>Pourquoi cette politique d\u2019utilisation et de gestion des cookies ?<\/strong><\/h2><p>Dans un souci d\u2019information et de transparence, la pr\u00e9sente politique de cookies est destin\u00e9e \u00e0 permettre \u00e0 l\u2019utilisateur d\u2019en savoir plus sur l\u2019origine et la finalit\u00e9 des informations de navigation trait\u00e9es \u00e0 l\u2019occasion de sa consultation des sites et sur ses droits.<\/p><h2 class=\"wp-block-heading\"><strong>Que sont les cookies ?<\/strong><\/h2><p>Les cookies sont des donn\u00e9es utilis\u00e9es par un serveur pour envoyer des informations d\u2019\u00e9tat au navigateur d\u2019un utilisateur, et par ce navigateur pour renvoyer des informations d\u2019\u00e9tat au serveur d\u2019origine.<\/p><p>Les informations d\u2019\u00e9tat peuvent \u00eatre par exemple un identifiant de session, une langue, une date d\u2019expiration, un domaine de r\u00e9ponse, etc.<\/p><p>Les cookies permettent de conserver, pendant la dur\u00e9e de validit\u00e9 du cookie concern\u00e9, des informations d\u2019\u00e9tat lorsqu\u2019un navigateur acc\u00e8de aux diff\u00e9rentes pages d\u2019un site web ou lorsque ce navigateur retourne ult\u00e9rieurement sur ce site web.<\/p><p>Seul l\u2019\u00e9metteur d\u2019un cookie peut lire ou modifier les informations qui y sont contenues.<\/p><p>Il existe diff\u00e9rents types de cookies :<\/p><ul class=\"wp-block-list\"><li>des cookies de session qui disparaissent d\u00e8s que vous quittez le site concern\u00e9 ;<\/li><li>des cookies permanents qui demeurent sur votre terminal jusqu\u2019\u00e0 expiration de leur dur\u00e9e, ou jusqu\u2019\u00e0 ce que vous retiriez votre consentement au d\u00e9p\u00f4t de ces cookies sur notre site internet, ou jusqu\u2019\u00e0 ce que vous les supprimiez \u00e0 l\u2019aide des fonctionnalit\u00e9s de votre navigateur.<\/li><\/ul><h2 class=\"wp-block-heading\"><strong>Pourquoi utilisons-nous des cookies ?<\/strong><\/h2><p>Certains de ces cookies ont pour finalit\u00e9 exclusive de permettre ou faciliter la communication par voie \u00e9lectronique.<\/p><p>D\u2019autres sont strictement n\u00e9cessaires \u00e0 la fourniture d\u2019un service de communication en ligne \u00e0 votre demande expresse.<\/p><p>D\u2019autres encore sont utilis\u00e9s dans le but d\u2019am\u00e9liorer la navigation par une analyse de la navigation des internautes.<\/p><p>Les principales finalit\u00e9s des cookies utilis\u00e9s sont :<\/p><ul class=\"wp-block-list\"><li>de permettre le bon fonctionnement du site internet<\/li><li>de comptabiliser les visiteurs et identifier la mani\u00e8re dont ils utilisent les sites ;<\/li><li>de comptabiliser et diff\u00e9rencier les visites ;<\/li><li>d\u2019adapter l\u2019affichage selon vos pr\u00e9f\u00e9rences et selon les caract\u00e9ristiques de votre terminal ;<\/li><li>d\u2019identifier par quel site ou moteur de recherche, vous \u00eates arriv\u00e9 sur nos sites ;<\/li><li>de g\u00e9rer et suivre vos choix en mati\u00e8re de cookies ;<\/li><li>de g\u00e9rer les sessions utilisateurs et les fonctionnalit\u00e9s de votre navigateur ;<\/li><li>de r\u00e9aliser des statistiques et analyses de fr\u00e9quentation et d\u2019utilisation, de navigation, et des mesures d\u2019audience des sites et de leurs diff\u00e9rents espaces en vue notamment de leur am\u00e9lioration.<\/li><\/ul>\t\t\t\t\t\t\t\t<\/div>\n\t\t\t\t<\/div>\n\t\t<div class=\"elementor-element elementor-element-e7b8bd0 e-con-full e-flex e-con e-child\" data-id=\"e7b8bd0\" data-element_type=\"container\" data-e-type=\"container\">\n\t\t\t\t<div class=\"elementor-element elementor-element-52af429 elementor-widget elementor-widget-text-editor\" data-id=\"52af429\" data-element_type=\"widget\" data-e-type=\"widget\" data-widget_type=\"text-editor.default\">\n\t\t\t\t<div class=\"elementor-widget-container\">\n\t\t\t\t\t\t\t\t\t<h2 class=\"wp-block-heading\"><strong>Quels cookies utilisons-nous ?<\/strong><\/h2><h3 class=\"wp-block-heading\"><strong>Statistiques et Analyse d\u2019Audience<\/strong><\/h3>\t\t\t\t\t\t\t\t<\/div>\n\t\t\t\t<\/div>\n\t\t\t\t<div class=\"elementor-element elementor-element-ca7ed55 dc-has-condition dc-condition-in_array_contains elementor-widget elementor-widget-text-editor\" data-id=\"ca7ed55\" data-element_type=\"widget\" data-e-type=\"widget\" data-widget_type=\"text-editor.default\">\n\t\t\t\t<div class=\"elementor-widget-container\">\n\t\t\t\t\t\t\t\t\t<p><strong>Google Analytics<\/strong><\/p><ul class=\"wp-block-list\"><li><strong>But<\/strong>\u00a0: Suivi et analyse des visites pour optimiser l\u2019exp\u00e9rience utilisateur.<\/li><li><strong>Dur\u00e9e<\/strong>\u00a0:\u00a0<mark class=\"has-inline-color\">_ga<\/mark>\u00a0(2 ans),\u00a0<mark class=\"has-inline-color\">_gid\u00a0<\/mark>(24 heures),\u00a0<mark class=\"has-inline-color\">_gat<\/mark>\u00a0(1 minute),<mark class=\"has-inline-color\">\u00a0_gac_*<\/mark>\u00a0(90 jours),\u00a0<mark class=\"has-inline-color\">_utm*<\/mark>\u00a0(6 mois maximum, selon le type).<\/li><\/ul>\t\t\t\t\t\t\t\t<\/div>\n\t\t\t\t<\/div>\n\t\t<!-- hidden widget 804-6fb804a --><!-- hidden widget 804-3c93f4c --><!-- hidden widget 804-a647d38 --><!-- hidden widget 804-9bad958 --><!-- hidden widget 804-173de43 --><!-- hidden widget 804-d47edb4 --><!-- hidden widget 804-f1bc6c8 --><!-- hidden widget 804-29afcde -->\t\t<div class=\"elementor-element elementor-element-7126d04 dc-has-condition dc-condition-in_array_contains elementor-widget elementor-widget-text-editor\" data-id=\"7126d04\" data-element_type=\"widget\" data-e-type=\"widget\" data-widget_type=\"text-editor.default\">\n\t\t\t\t<div class=\"elementor-widget-container\">\n\t\t\t\t\t\t\t\t\t<p><strong>Mouseflow<\/strong><\/p><ul class=\"wp-block-list\"><li><strong>But :<\/strong>\u00a0Enregistrement des sessions et cartes de chaleur.<\/li><li><strong>Dur\u00e9e :<\/strong>\u00a0<mark class=\"has-inline-color\">mf_user<\/mark>\u00a0(3 mois),\u00a0<mark class=\"has-inline-color\">mf_session<\/mark>\u00a0(session),\u00a0<mark class=\"has-inline-color\">mf_lastPageView<\/mark>\u00a0(session).<\/li><\/ul>\t\t\t\t\t\t\t\t<\/div>\n\t\t\t\t<\/div>\n\t\t\t\t<div class=\"elementor-element elementor-element-f7abbd3 dc-has-condition dc-condition-greater elementor-widget-divider--view-line elementor-widget elementor-widget-divider\" data-id=\"f7abbd3\" data-element_type=\"widget\" data-e-type=\"widget\" data-widget_type=\"divider.default\">\n\t\t\t\t<div class=\"elementor-widget-container\">\n\t\t\t\t\t\t\t<div class=\"elementor-divider\">\n\t\t\t<span class=\"elementor-divider-separator\">\n\t\t\t\t\t\t<\/span>\n\t\t<\/div>\n\t\t\t\t\t\t<\/div>\n\t\t\t\t<\/div>\n\t\t<!-- hidden widget 804-7b6f256 --><!-- hidden widget 804-9e831c2 --><!-- hidden widget 804-5fdbe74 --><!-- hidden widget 804-8c625ff --><!-- hidden widget 804-8498c02 -->\t\t<div class=\"elementor-element elementor-element-c8a46e0 dc-has-condition dc-condition-in_array_contains elementor-widget elementor-widget-text-editor\" data-id=\"c8a46e0\" data-element_type=\"widget\" data-e-type=\"widget\" data-widget_type=\"text-editor.default\">\n\t\t\t\t<div class=\"elementor-widget-container\">\n\t\t\t\t\t\t\t\t\t<p><strong>Crisp<\/strong><\/p><ul class=\"wp-block-list\"><li><strong>But :<\/strong>\u00a0Chat en ligne et personnalisation de l\u2019exp\u00e9rience client.<\/li><li><strong>Dur\u00e9e :<\/strong>\u00a0<mark class=\"has-inline-color\">crisp-client<\/mark>\u00a0(6 mois),\u00a0<mark class=\"has-inline-color\">crisp-client\/session<\/mark>\u00a0(session),\u00a0<mark class=\"has-inline-color\">crisp-client\/domain<\/mark>\u00a0(session).<\/li><\/ul>\t\t\t\t\t\t\t\t<\/div>\n\t\t\t\t<\/div>\n\t\t<!-- hidden widget 804-a394d32 --><!-- hidden widget 804-e002031 --><!-- hidden widget 804-cc1e59a -->\t\t<div class=\"elementor-element elementor-element-4355951 dc-has-condition dc-condition-greater elementor-widget-divider--view-line elementor-widget elementor-widget-divider\" data-id=\"4355951\" data-element_type=\"widget\" data-e-type=\"widget\" data-widget_type=\"divider.default\">\n\t\t\t\t<div class=\"elementor-widget-container\">\n\t\t\t\t\t\t\t<div class=\"elementor-divider\">\n\t\t\t<span class=\"elementor-divider-separator\">\n\t\t\t\t\t\t<\/span>\n\t\t<\/div>\n\t\t\t\t\t\t<\/div>\n\t\t\t\t<\/div>\n\t\t\t\t<div class=\"elementor-element elementor-element-e797595 dc-has-condition dc-condition-in_array_contains elementor-widget elementor-widget-text-editor\" data-id=\"e797595\" data-element_type=\"widget\" data-e-type=\"widget\" data-widget_type=\"text-editor.default\">\n\t\t\t\t<div class=\"elementor-widget-container\">\n\t\t\t\t\t\t\t\t\t<p><strong>Facebook<\/strong><\/p><ul class=\"wp-block-list\"><li><strong>But<\/strong>\u00a0: Partage sur les r\u00e9seaux sociaux et publicit\u00e9 personnalis\u00e9e.<\/li><li><strong>Dur\u00e9e<\/strong>\u00a0:\u00a0<mark class=\"has-inline-color\">_fbp<\/mark>\u00a0(3 mois),\u00a0<mark class=\"has-inline-color\">fr<\/mark>\u00a0(3 mois).<\/li><\/ul>\t\t\t\t\t\t\t\t<\/div>\n\t\t\t\t<\/div>\n\t\t\t\t<div class=\"elementor-element elementor-element-6a9d093 dc-has-condition dc-condition-in_array_contains elementor-widget elementor-widget-text-editor\" data-id=\"6a9d093\" data-element_type=\"widget\" data-e-type=\"widget\" data-widget_type=\"text-editor.default\">\n\t\t\t\t<div class=\"elementor-widget-container\">\n\t\t\t\t\t\t\t\t\t<p><strong>Twitter<\/strong><\/p><ul class=\"wp-block-list\"><li><strong>But :<\/strong>\u00a0Suivi des interactions et personnalisation du contenu.<\/li><li><strong>Dur\u00e9e :<\/strong>\u00a0<mark class=\"has-inline-color\">personalization_id<\/mark>\u00a0(2 ans),\u00a0<mark class=\"has-inline-color\">guest_id<\/mark>\u00a0(2 ans).<\/li><\/ul>\t\t\t\t\t\t\t\t<\/div>\n\t\t\t\t<\/div>\n\t\t<!-- hidden widget 804-4825747 -->\t\t<div class=\"elementor-element elementor-element-2a3bd23 dc-has-condition dc-condition-greater elementor-widget-divider--view-line elementor-widget elementor-widget-divider\" data-id=\"2a3bd23\" data-element_type=\"widget\" data-e-type=\"widget\" data-widget_type=\"divider.default\">\n\t\t\t\t<div class=\"elementor-widget-container\">\n\t\t\t\t\t\t\t<div class=\"elementor-divider\">\n\t\t\t<span class=\"elementor-divider-separator\">\n\t\t\t\t\t\t<\/span>\n\t\t<\/div>\n\t\t\t\t\t\t<\/div>\n\t\t\t\t<\/div>\n\t\t<!-- hidden widget 804-8db40f4 --><!-- hidden widget 804-d382771 --><!-- hidden widget 804-a067132 -->\t\t<\/div>\n\t\t\t\t<div class=\"elementor-element elementor-element-05fdc88 elementor-widget elementor-widget-text-editor\" data-id=\"05fdc88\" data-element_type=\"widget\" data-e-type=\"widget\" data-widget_type=\"text-editor.default\">\n\t\t\t\t<div class=\"elementor-widget-container\">\n\t\t\t\t\t\t\t\t\t<h2 class=\"wp-block-heading\"><strong>Information sur le site internet<\/strong><\/h2><p>L\u2019\u00e9diteur vous informe que vous pourrez retirer \u00e0 tout moment votre consentement \u00e0 toute ou partie de nos cookies en cliquant sur le bouton RGPD disponible en bas \u00e0 gauche de votre \u00e9cran. Pour ce faire, il vous suffit de refuser l\u2019usage de tous les cookies (hors cookies n\u00e9cessaires au bon fonctionnement du site) ou de s\u00e9lectionner uniquement les cookies que vous souhaitez conserver.<\/p><p>L\u2019\u00e9diteur, lors de votre visite, vous informe aussi de la possibilit\u00e9 de refuser le d\u00e9p\u00f4t des cookies en param\u00e9trant votre navigateur internet. Pour cela, vous disposez de plusieurs moyens d\u00e9finis ci-dessous.<\/p><p>L\u2019utilisateur peut param\u00e9trer son navigateur pour accepter ou refuser au cas par cas les cookies pr\u00e9alablement \u00e0 leur installation. Par ailleurs, l\u2019utilisateur peut \u00e9galement r\u00e9guli\u00e8rement supprimer les cookies de son terminal via son navigateur.<\/p><p>Pour la gestion des cookies et les choix de l\u2019utilisateur, la configuration de chaque navigateur est diff\u00e9rente. Elle est d\u00e9crite dans le menu d\u2019aide du navigateur utilis\u00e9, elle permet de savoir de quelle mani\u00e8re modifier ses souhaits en mati\u00e8re de cookies. A titre d\u2019exemple\u00a0:<\/p><ul class=\"wp-block-list\"><li>pour Internet Explorer\u2122 :\u00a0<a href=\"http:\/\/windows.microsoft.com\/fr-FR\/windows-vista\/Block-or-allow-cookies\">http:\/\/windows.microsoft.com\/fr-FR\/windows-vista\/Block-or-allow-cookies<\/a>\u00a0;<\/li><li>pour Safari\u2122 :<br \/><a href=\"http:\/\/www.apple.com\/legal\/privacy\/fr-ww\/cookies\/\">http:\/\/www.apple.com\/legal\/privacy\/fr-ww\/cookies\/<\/a>\u00a0;<\/li><li>pour Chrome\u2122:\u00a0<a href=\"http:\/\/support.google.com\/chrome\/bin\/answer.py?hl=fr&amp;hlrm=en&amp;answer=95647\">http:\/\/support.google.com\/chrome\/bin\/answer.py?hl=fr&amp;hlrm=en&amp;answer=95647<\/a><\/li><li>pour Firefox\u2122 :<br \/><a href=\"http:\/\/support.mozilla.org\/fr\/kb\/Activer%20et%20d%C3%A9sactiver%20les%20cookies\">http:\/\/support.mozilla.org\/fr\/kb\/Activer%20et%20d%C3%A9sactiver%20les%20cookies<\/a>\u00a0;<\/li><li>pour Opera\u2122 :<br \/><a href=\"http:\/\/help.opera.com\/Windows\/10.20\/fr\/cookies.html\">http:\/\/help.opera.com\/Windows\/10.20\/fr\/cookies.html<\/a>\u00a0;<\/li><\/ul><p>En tout \u00e9tat de cause, l\u2019utilisateur peut se rendre dans la rubrique d\u2019aide de son navigateur pour savoir de quelle mani\u00e8re son navigateur lui permet de choisir les cookies accept\u00e9s ou refus\u00e9s.<\/p><p>Il r\u00e9sulte de ce qui pr\u00e9c\u00e8de que l\u2019enregistrement d\u2019un cookie dans votre terminal est essentiellement subordonn\u00e9 \u00e0 votre volont\u00e9, que vous pouvez exprimer et modifier \u00e0 tout moment et gratuitement \u00e0 travers les choix qui vous sont offerts par votre logiciel de navigation.<\/p><p>Si votre navigateur est param\u00e9tr\u00e9 pour accepter les cookies dans votre terminal, les cookies int\u00e9gr\u00e9s dans les pages et contenus que vous avez consult\u00e9s pourront \u00eatre stock\u00e9s temporairement dans un espace d\u00e9di\u00e9 de votre terminal. Ils y seront lisibles uniquement par leur \u00e9metteur.<\/p><p>\u00c0 l\u2019inverse, vous pouvez param\u00e9trer votre navigateur pour refuser les cookies. A cet \u00e9gard, votre attention est attir\u00e9e sur le fait qu\u2019en param\u00e9trant votre navigateur pour refuser les cookies, certaines fonctionnalit\u00e9s, pages, espaces des sites pourraient ne pas \u00eatre accessibles, ce dont l\u2019\u00e9diteur ne saurait \u00eatre responsable.<\/p><p>Nous attirons \u00e9galement l\u2019attention de l\u2019utilisateur sur le fait que, lorsque l\u2019utilisateur s\u2019oppose \u00e0 l\u2019installation ou \u00e0 l\u2019utilisation d\u2019un cookie, un cookie de refus peut \u00eatre install\u00e9 sur son \u00e9quipement terminal. Or, si ce cookie de refus est supprim\u00e9, il ne sera plus possible d\u2019identifier l\u2019utilisateur comme ayant refus\u00e9 l\u2019utilisation de cookies.<\/p><div class=\"wp-block-spacer\" aria-hidden=\"true\">\u00a0<\/div><h2 class=\"wp-block-heading\"><strong>Pour plus d\u2019informations<\/strong><\/h2><p>Pour plus d\u2019information sur les cookies, vous pouvez vous rendre sur le site de la CNIL, \u00e0 cette adresse :\u00a0<a href=\"http:\/\/www.cnil.fr\/vos-droits\/vos-traces\/les-cookies\/\">http:\/\/www.cnil.fr\/vos-droits\/vos-traces\/les-cookies\/<\/a><\/p><div class=\"wp-block-spacer\" aria-hidden=\"true\">\u00a0<\/div><h2 class=\"wp-block-heading\"><strong>Quels sont vos droits ?<\/strong><\/h2><p>Outre le droit de modifier \u00e0 tout moment sur votre choix pour que tel ou tel cookie soit d\u00e9pos\u00e9 sur votre terminal, vous b\u00e9n\u00e9ficiez d\u2019un droit d\u2019interrogation, d\u2019acc\u00e8s, de rectification, d\u2019effacement et de portabilit\u00e9 de vos donn\u00e9es, ainsi que du droit d\u2019obtenir la limitation de leur traitement et d\u2019un droit d\u2019opposition au traitement de vos donn\u00e9es. Vous disposez \u00e9galement du droit de d\u00e9finir des directives relatives \u00e0 la conservation, \u00e0 l\u2019effacement et \u00e0 la communication de vos donn\u00e9es apr\u00e8s votre d\u00e9c\u00e8s.\u00a0<\/p><p><strong>Vous pouvez exercer vos droits comme suit :\u00a0<\/strong><\/p><p>En envoyant votre demande \u00e0 l\u2019adresse email suivante : <strong><\/strong>, ou par courrier accompagn\u00e9 d\u2019une copie d\u2019un document d\u2019identit\u00e9 en s\u2019adressant \u00e0 <strong><\/strong> au <strong>Rue du Faisant<\/strong>.<\/p><p>Vous disposez enfin de la possibilit\u00e9 d\u2019introduire une r\u00e9clamation aupr\u00e8s de la Commission Nationale de l\u2019informatique et des Libert\u00e9s (CNIL).<\/p>\t\t\t\t\t\t\t\t<\/div>\n\t\t\t\t<\/div>\n\t\t\t\t\t<\/div>\n\t\t\t\t<\/div>\n\t\t\t\t<\/div>\n\t\t","protected":false},"excerpt":{"rendered":"<p>D\u00e9finitions : L\u2019\u00c9diteur du site , dont le num\u00e9ro SIREN est , et le si\u00e8ge social est situ\u00e9 . L\u2019URL du site est Le Site : L\u2019ensemble des sites, pages Internet et services en ligne propos\u00e9s par l\u2019\u00c9diteur. L\u2019Utilisateur : La personne utilisant le Site et les services. Utilisation des cookies L\u2019utilisateur est inform\u00e9 que [&hellip;]<\/p>\n","protected":false},"author":1,"featured_media":0,"parent":0,"menu_order":0,"comment_status":"closed","ping_status":"closed","template":"","meta":{"_acf_changed":false,"_seopress_robots_primary_cat":"","_seopress_titles_title":"","_seopress_titles_desc":"","_seopress_robots_index":"","footnotes":""},"class_list":["post-804","page","type-page","status-publish","hentry"],"acf":[],"_links":{"self":[{"href":"https:\/\/templates.la-quincaillerie.fr\/vitrine\/wp-json\/wp\/v2\/pages\/804","targetHints":{"allow":["GET"]}}],"collection":[{"href":"https:\/\/templates.la-quincaillerie.fr\/vitrine\/wp-json\/wp\/v2\/pages"}],"about":[{"href":"https:\/\/templates.la-quincaillerie.fr\/vitrine\/wp-json\/wp\/v2\/types\/page"}],"author":[{"embeddable":true,"href":"https:\/\/templates.la-quincaillerie.fr\/vitrine\/wp-json\/wp\/v2\/users\/1"}],"replies":[{"embeddable":true,"href":"https:\/\/templates.la-quincaillerie.fr\/vitrine\/wp-json\/wp\/v2\/comments?post=804"}],"version-history":[{"count":28,"href":"https:\/\/templates.la-quincaillerie.fr\/vitrine\/wp-json\/wp\/v2\/pages\/804\/revisions"}],"predecessor-version":[{"id":841,"href":"https:\/\/templates.la-quincaillerie.fr\/vitrine\/wp-json\/wp\/v2\/pages\/804\/revisions\/841"}],"wp:attachment":[{"href":"https:\/\/templates.la-quincaillerie.fr\/vitrine\/wp-json\/wp\/v2\/media?parent=804"}],"curies":[{"name":"wp","href":"https:\/\/api.w.org\/{rel}","templated":true}]}}